{"id":6674,"date":"2020-10-28T13:32:34","date_gmt":"2020-10-28T12:32:34","guid":{"rendered":"http:\/\/marine.fleygnac.fr\/?page_id=6674"},"modified":"2025-10-02T11:37:08","modified_gmt":"2025-10-02T09:37:08","slug":"photographe-a-tours","status":"publish","type":"page","link":"https:\/\/marine.fleygnac.fr\/","title":{"rendered":"Marine Fleygnac, Photographe de mariages \u00e0 Tours"},"content":{"rendered":"<p>[vc_row full_width=\u00a0\u00bbstretch_row_content_no_spaces\u00a0\u00bb][vc_column][wiso_banner style_banner=\u00a0\u00bbsimple\u00a0\u00bb style=\u00a0\u00bbcenter_content\u00a0\u00bb overlay=\u00a0\u00bbyes\u00a0\u00bb title=\u00a0\u00bbPhotographe \u00e0 Tours\u00a0\u00bb image=\u00a0\u00bb8275&Prime; subtitle=\u00a0\u00bbMariages Portraits Projets\u00a0\u00bb][vc_separator color=\u00a0\u00bbblack\u00a0\u00bb style=\u00a0\u00bbdouble\u00a0\u00bb border_width=\u00a0\u00bb4&Prime;][\/vc_column][\/vc_row][vc_row desctop_mb=\u00a0\u00bbmargin-lg-90b\u00a0\u00bb tablets_mb=\u00a0\u00bbmargin-sm-70b\u00a0\u00bb mobile_mb=\u00a0\u00bbmargin-xs-30b\u00a0\u00bb][vc_column css_animation=\u00a0\u00bbnone\u00a0\u00bb][vc_media_grid element_width=\u00a0\u00bb3&Prime; grid_id=\u00a0\u00bbvc_gid:1759397757085-d5027a62-19a4-4&Prime; include=\u00a0\u00bb8311,8410,7100,8281,7104,8407,6586,8408&Prime;][wiso_headings style=\u00a0\u00bbtext_left\u00a0\u00bb title=\u00a0\u00bbMariages\u00a0\u00bb title_color=\u00a0\u00bb#000000&Prime; button=\u00a0\u00bburl:https%3A%2F%2Fmarine.fleygnac.fr%2Findex.php%2Ftarifs%2F|title:D%C3%A9couvrez%20mes%20diff%C3%A9rents%20forfaits|target:_blank\u00a0\u00bb][\/vc_column][\/vc_row][vc_row desctop_mb=\u00a0\u00bbmargin-lg-90b\u00a0\u00bb tablets_mb=\u00a0\u00bbmargin-sm-70b\u00a0\u00bb mobile_mb=\u00a0\u00bbmargin-xs-30b\u00a0\u00bb][vc_column css_animation=\u00a0\u00bbnone\u00a0\u00bb][vc_media_grid element_width=\u00a0\u00bb3&Prime; grid_id=\u00a0\u00bbvc_gid:1759397757118-6098f661-41c8-6&Prime; include=\u00a0\u00bb8386,8324,6365,6356,8265,6412,6362,6404&Prime;][wiso_headings style=\u00a0\u00bbtext_left\u00a0\u00bb title=\u00a0\u00bbVos shootings\u00a0\u00bb title_color=\u00a0\u00bb#000000&Prime; button=\u00a0\u00bburl:https%3A%2F%2Fmarine.fleygnac.fr%2Findex.php%2Ftarifs%2F|title:Tarifs|target:_blank\u00a0\u00bb][vc_separator color=\u00a0\u00bbblack\u00a0\u00bb border_width=\u00a0\u00bb4&Prime;][\/vc_column][\/vc_row][vc_row full_width=\u00a0\u00bbstretch_row\u00a0\u00bb desctop_mb=\u00a0\u00bbmargin-lg-120b\u00a0\u00bb desctop_md_mb=\u00a0\u00bbmargin-md-90b\u00a0\u00bb tablets_mb=\u00a0\u00bbmargin-sm-60b\u00a0\u00bb mobile_mb=\u00a0\u00bbmargin-xs-5b\u00a0\u00bb][vc_column css_animation=\u00a0\u00bbnone\u00a0\u00bb][wiso_contacts style=\u00a0\u00bbparallax_content\u00a0\u00bb image=\u00a0\u00bb7137&Prime;]<\/p>\n<blockquote><p>Photographe \u00e0 Tours, et dans toute la France.<\/p>\n<p>Je vous propose mes services pour vos mariages, photos en famille, \u00e9v\u00e8nements et projets professionnels.<\/p><\/blockquote>\n<p>[\/wiso_contacts][\/vc_column][\/vc_row][vc_row full_width=\u00a0\u00bbstretch_row_content\u00a0\u00bb desctop_mb=\u00a0\u00bbmargin-lg-95b\u00a0\u00bb desctop_md_mb=\u00a0\u00bbmargin-md-65b\u00a0\u00bb tablets_mt=\u00a0\u00bbmargin-sm-45t\u00a0\u00bb tablets_mb=\u00a0\u00bbmargin-sm-50b\u00a0\u00bb mobile_mt=\u00a0\u00bbmargin-xs-30t\u00a0\u00bb mobile_mb=\u00a0\u00bbmargin-xs-15b\u00a0\u00bb css=\u00a0\u00bb.vc_custom_1527267384795{background-color: #fcf9f6 !important;}\u00a0\u00bb][vc_column css_animation=\u00a0\u00bbnone\u00a0\u00bb css=\u00a0\u00bb.vc_custom_1527264379741{padding-top: 0px !important;}\u00a0\u00bb][wiso_testimonial autoplay=\u00a0\u00bb5&Prime; speed=\u00a0\u00bb1500&Prime; loop=\u00a0\u00bbtrue\u00a0\u00bb bg_text=\u00a0\u00bbtestimonials\u00a0\u00bb][wiso_testimonial_items author=\u00a0\u00bbStellina &amp; Guillaume\u00a0\u00bb stars=\u00a0\u00bbfive\u00a0\u00bb logo_image=\u00a0\u00bb6559&Prime;]\u201c Merci \u00e0 Marine Fleygnac pour son professionnalisme et son s\u00e9rieux. Elle fut \u00e0 notre \u00e9coute, le r\u00e9sultat est top ! Merci d\u2019avoir immortalis\u00e9 notre mariage.\u201d[\/wiso_testimonial_items][wiso_testimonial_items author=\u00a0\u00bbLaur\u00e8ne et J\u00e9remy\u00a0\u00bb stars=\u00a0\u00bbfive\u00a0\u00bb logo_image=\u00a0\u00bb7137&Prime;]\u201c Marine est une professionnelle discr\u00e8te mais qui sait se placer au bon endroit au bon moment pour capter les instants qui ne se revivent pas. Nous appr\u00e9cions son oeil photographique et les photos livr\u00e9es. Merci \u00e0 toi Marine !\u201d[\/wiso_testimonial_items][wiso_testimonial_items author=\u00a0\u00bbSylvain, patron de \u00ab\u00a0Chez Colette\u00ab\u00a0\u00a0\u00bb stars=\u00a0\u00bbfive\u00a0\u00bb logo_image=\u00a0\u00bb6479&Prime;]\u201cTravail soign\u00e9, \u00e0 l&rsquo;\u00e9coute du client, rapide et efficace\u201d[\/wiso_testimonial_items][wiso_testimonial_items author=\u00a0\u00bbNathalie et Pierre-Olivier\u00a0\u00bb stars=\u00a0\u00bbfive\u00a0\u00bb logo_image=\u00a0\u00bb6586&Prime;]\u201cDes photos magnifiques&#8230; un oeil hyper pr\u00e9cis qui anticipe chaque d\u00e9tail, Bravo, d\u00e9finitivement fan !\u201d[\/wiso_testimonial_items][\/wiso_testimonial][\/vc_column][\/vc_row][vc_row desctop_mb=\u00a0\u00bbmargin-lg-120b\u00a0\u00bb desctop_md_mb=\u00a0\u00bbmargin-md-90b\u00a0\u00bb tablets_mb=\u00a0\u00bbmargin-sm-60b\u00a0\u00bb mobile_mb=\u00a0\u00bbmargin-xs-30b\u00a0\u00bb][vc_column css_animation=\u00a0\u00bbnone\u00a0\u00bb][\/vc_column][\/vc_row][vc_row full_width=\u00a0\u00bbstretch_row_content_no_spaces\u00a0\u00bb desctop_mb=\u00a0\u00bbmargin-lg-100b\u00a0\u00bb desctop_md_mb=\u00a0\u00bbmargin-md-70b\u00a0\u00bb tablets_mb=\u00a0\u00bbmargin-sm-60b\u00a0\u00bb mobile_mb=\u00a0\u00bbmargin-xs-25b\u00a0\u00bb desctop_lg_pt=\u00a0\u00bbpadding-lg-40t\u00a0\u00bb desctop_lg_pb=\u00a0\u00bbpadding-lg-70b\u00a0\u00bb mobile_pt=\u00a0\u00bbpadding-xs-10t\u00a0\u00bb mobile_pb=\u00a0\u00bbpadding-xs-50b\u00a0\u00bb css=\u00a0\u00bb.vc_custom_1527267672562{background-color: #222222 !important;}\u00a0\u00bb][vc_column][wiso_headings style=\u00a0\u00bbtext_left\u00a0\u00bb title=\u00a0\u00bbOffrez une s\u00e9ance photo !\u00a0\u00bb title_color=\u00a0\u00bb#f7f7f7&Prime; btn_style=\u00a0\u00bba-btn-3&Prime; button=\u00a0\u00bburl:https%3A%2F%2Fmarine.fleygnac.fr%2Findex.php%2Fme-contacter%2F|title:Contactez%20moi|target:_blank\u00a0\u00bb][\/vc_column][\/vc_row]<\/p>\n","protected":false},"excerpt":{"rendered":"<p>[vc_row full_width=\u00a0\u00bbstretch_row_content_no_spaces\u00a0\u00bb][vc_column][wiso_banner style_banner=\u00a0\u00bbsimple\u00a0\u00bb style=\u00a0\u00bbcenter_content\u00a0\u00bb overlay=\u00a0\u00bbyes\u00a0\u00bb title=\u00a0\u00bbPhotographe \u00e0 Tours\u00a0\u00bb image=\u00a0\u00bb8275&Prime; subtitle=\u00a0\u00bbMariages Portraits Projets\u00a0\u00bb][vc_separator color=\u00a0\u00bbblack\u00a0\u00bb style=\u00a0\u00bbdouble\u00a0\u00bb border_width=\u00a0\u00bb4&Prime;][\/vc_column][\/vc_row][vc_row desctop_mb=\u00a0\u00bbmargin-lg-90b\u00a0\u00bb tablets_mb=\u00a0\u00bbmargin-sm-70b\u00a0\u00bb mobile_mb=\u00a0\u00bbmargin-xs-30b\u00a0\u00bb][vc_column css_animation=\u00a0\u00bbnone\u00a0\u00bb][vc_media_grid element_width=\u00a0\u00bb3&Prime; grid_id=\u00a0\u00bbvc_gid:1759397757085-d5027a62-19a4-4&Prime; include=\u00a0\u00bb8311,8410,7100,8281,7104,8407,6586,8408&Prime;][wiso_headings style=\u00a0\u00bbtext_left\u00a0\u00bb title=\u00a0\u00bbMariages\u00a0\u00bb title_color=\u00a0\u00bb#000000&Prime; button=\u00a0\u00bburl:https%3A%2F%2Fmarine.fleygnac.fr%2Findex.php%2Ftarifs%2F|title:D%C3%A9couvrez%20mes%20diff%C3%A9rents%20forfaits|target:_blank\u00a0\u00bb][\/vc_column][\/vc_row][vc_row desctop_mb=\u00a0\u00bbmargin-lg-90b\u00a0\u00bb tablets_mb=\u00a0\u00bbmargin-sm-70b\u00a0\u00bb mobile_mb=\u00a0\u00bbmargin-xs-30b\u00a0\u00bb][vc_column css_animation=\u00a0\u00bbnone\u00a0\u00bb][vc_media_grid element_width=\u00a0\u00bb3&Prime; grid_id=\u00a0\u00bbvc_gid:1759397757118-6098f661-41c8-6&Prime; include=\u00a0\u00bb8386,8324,6365,6356,8265,6412,6362,6404&Prime;][wiso_headings style=\u00a0\u00bbtext_left\u00a0\u00bb title=\u00a0\u00bbVos shootings\u00a0\u00bb title_color=\u00a0\u00bb#000000&Prime; button=\u00a0\u00bburl:https%3A%2F%2Fmarine.fleygnac.fr%2Findex.php%2Ftarifs%2F|title:Tarifs|target:_blank\u00a0\u00bb][vc_separator color=\u00a0\u00bbblack\u00a0\u00bb border_width=\u00a0\u00bb4&Prime;][\/vc_column][\/vc_row][vc_row full_width=\u00a0\u00bbstretch_row\u00a0\u00bb desctop_mb=\u00a0\u00bbmargin-lg-120b\u00a0\u00bb desctop_md_mb=\u00a0\u00bbmargin-md-90b\u00a0\u00bb tablets_mb=\u00a0\u00bbmargin-sm-60b\u00a0\u00bb mobile_mb=\u00a0\u00bbmargin-xs-5b\u00a0\u00bb][vc_column css_animation=\u00a0\u00bbnone\u00a0\u00bb][wiso_contacts style=\u00a0\u00bbparallax_content\u00a0\u00bb image=\u00a0\u00bb7137&Prime;] Photographe \u00e0 Tours, et dans toute la &#8230;<\/p>\n","protected":false},"author":3,"featured_media":8311,"parent":0,"menu_order":0,"comment_status":"closed","ping_status":"closed","template":"","meta":{"footnotes":""},"class_list":["post-6674","page","type-page","status-publish","has-post-thumbnail","hentry"],"yoast_head":"<!-- This site is optimized with the Yoast SEO plugin v26.8 - https:\/\/yoast.com\/product\/yoast-seo-wordpress\/ -->\n<title>Marine Fleygnac, Photographe de mariages \u00e0 Tours - Marine Fleygnac<\/title>\n<meta name=\"description\" content=\"Photographe \u00e0 Tours, 37. Mariages et famille, lifestyle, \u00e9v\u00e8nements, entreprises.\" \/>\n<meta name=\"robots\" content=\"index, follow, max-snippet:-1, max-image-preview:large, max-video-preview:-1\" \/>\n<link rel=\"canonical\" href=\"https:\/\/marine.fleygnac.fr\/\" \/>\n<meta property=\"og:locale\" content=\"fr_FR\" \/>\n<meta property=\"og:type\" content=\"article\" \/>\n<meta property=\"og:title\" content=\"Marine Fleygnac, Photographe de mariages \u00e0 Tours - Marine Fleygnac\" \/>\n<meta property=\"og:description\" content=\"Photographe \u00e0 Tours, 37. Mariages et famille, lifestyle, \u00e9v\u00e8nements, entreprises.\" \/>\n<meta property=\"og:url\" content=\"https:\/\/marine.fleygnac.fr\/\" \/>\n<meta property=\"og:site_name\" content=\"Marine Fleygnac\" \/>\n<meta property=\"article:modified_time\" content=\"2025-10-02T09:37:08+00:00\" \/>\n<meta property=\"og:image\" content=\"https:\/\/marine.fleygnac.fr\/wp-content\/uploads\/2023\/10\/DSC_1872-scaled.jpg\" \/>\n\t<meta property=\"og:image:width\" content=\"2560\" \/>\n\t<meta property=\"og:image:height\" content=\"1709\" \/>\n\t<meta property=\"og:image:type\" content=\"image\/jpeg\" \/>\n<meta name=\"twitter:card\" content=\"summary_large_image\" \/>\n<meta name=\"twitter:label1\" content=\"Dur\u00e9e de lecture estim\u00e9e\" \/>\n\t<meta name=\"twitter:data1\" content=\"6 minutes\" \/>\n<script type=\"application\/ld+json\" class=\"yoast-schema-graph\">{\"@context\":\"https:\/\/schema.org\",\"@graph\":[{\"@type\":\"WebPage\",\"@id\":\"https:\/\/marine.fleygnac.fr\/\",\"url\":\"https:\/\/marine.fleygnac.fr\/\",\"name\":\"Marine Fleygnac, Photographe de mariages \u00e0 Tours - Marine Fleygnac\",\"isPartOf\":{\"@id\":\"https:\/\/marine.fleygnac.fr\/#website\"},\"primaryImageOfPage\":{\"@id\":\"https:\/\/marine.fleygnac.fr\/#primaryimage\"},\"image\":{\"@id\":\"https:\/\/marine.fleygnac.fr\/#primaryimage\"},\"thumbnailUrl\":\"https:\/\/marine.fleygnac.fr\/wp-content\/uploads\/2023\/10\/DSC_1872-scaled.jpg\",\"datePublished\":\"2020-10-28T12:32:34+00:00\",\"dateModified\":\"2025-10-02T09:37:08+00:00\",\"description\":\"Photographe \u00e0 Tours, 37. Mariages et famille, lifestyle, \u00e9v\u00e8nements, entreprises.\",\"breadcrumb\":{\"@id\":\"https:\/\/marine.fleygnac.fr\/#breadcrumb\"},\"inLanguage\":\"fr-FR\",\"potentialAction\":[{\"@type\":\"ReadAction\",\"target\":[\"https:\/\/marine.fleygnac.fr\/\"]}]},{\"@type\":\"ImageObject\",\"inLanguage\":\"fr-FR\",\"@id\":\"https:\/\/marine.fleygnac.fr\/#primaryimage\",\"url\":\"https:\/\/marine.fleygnac.fr\/wp-content\/uploads\/2023\/10\/DSC_1872-scaled.jpg\",\"contentUrl\":\"https:\/\/marine.fleygnac.fr\/wp-content\/uploads\/2023\/10\/DSC_1872-scaled.jpg\",\"width\":2560,\"height\":1709},{\"@type\":\"BreadcrumbList\",\"@id\":\"https:\/\/marine.fleygnac.fr\/#breadcrumb\",\"itemListElement\":[{\"@type\":\"ListItem\",\"position\":1,\"name\":\"Accueil\",\"item\":\"https:\/\/marine.fleygnac.fr\/\"},{\"@type\":\"ListItem\",\"position\":2,\"name\":\"Marine Fleygnac, Photographe de mariages \u00e0 Tours\"}]},{\"@type\":\"WebSite\",\"@id\":\"https:\/\/marine.fleygnac.fr\/#website\",\"url\":\"https:\/\/marine.fleygnac.fr\/\",\"name\":\"Marine Fleygnac\",\"description\":\"\",\"publisher\":{\"@id\":\"https:\/\/marine.fleygnac.fr\/#\/schema\/person\/34f501548c28933ea5864348c49ce548\"},\"potentialAction\":[{\"@type\":\"SearchAction\",\"target\":{\"@type\":\"EntryPoint\",\"urlTemplate\":\"https:\/\/marine.fleygnac.fr\/?s={search_term_string}\"},\"query-input\":{\"@type\":\"PropertyValueSpecification\",\"valueRequired\":true,\"valueName\":\"search_term_string\"}}],\"inLanguage\":\"fr-FR\"},{\"@type\":[\"Person\",\"Organization\"],\"@id\":\"https:\/\/marine.fleygnac.fr\/#\/schema\/person\/34f501548c28933ea5864348c49ce548\",\"name\":\"Marine Fleygnac\",\"logo\":{\"@id\":\"https:\/\/marine.fleygnac.fr\/#\/schema\/person\/image\/\"},\"sameAs\":[\"http:\/\/marine.fleygnac.fr\/\"]}]}<\/script>\n<!-- \/ Yoast SEO plugin. -->","yoast_head_json":{"title":"Marine Fleygnac, Photographe de mariages \u00e0 Tours - Marine Fleygnac","description":"Photographe \u00e0 Tours, 37. Mariages et famille, lifestyle, \u00e9v\u00e8nements, entreprises.","robots":{"index":"index","follow":"follow","max-snippet":"max-snippet:-1","max-image-preview":"max-image-preview:large","max-video-preview":"max-video-preview:-1"},"canonical":"https:\/\/marine.fleygnac.fr\/","og_locale":"fr_FR","og_type":"article","og_title":"Marine Fleygnac, Photographe de mariages \u00e0 Tours - Marine Fleygnac","og_description":"Photographe \u00e0 Tours, 37. Mariages et famille, lifestyle, \u00e9v\u00e8nements, entreprises.","og_url":"https:\/\/marine.fleygnac.fr\/","og_site_name":"Marine Fleygnac","article_modified_time":"2025-10-02T09:37:08+00:00","og_image":[{"width":2560,"height":1709,"url":"https:\/\/marine.fleygnac.fr\/wp-content\/uploads\/2023\/10\/DSC_1872-scaled.jpg","type":"image\/jpeg"}],"twitter_card":"summary_large_image","twitter_misc":{"Dur\u00e9e de lecture estim\u00e9e":"6 minutes"},"schema":{"@context":"https:\/\/schema.org","@graph":[{"@type":"WebPage","@id":"https:\/\/marine.fleygnac.fr\/","url":"https:\/\/marine.fleygnac.fr\/","name":"Marine Fleygnac, Photographe de mariages \u00e0 Tours - Marine Fleygnac","isPartOf":{"@id":"https:\/\/marine.fleygnac.fr\/#website"},"primaryImageOfPage":{"@id":"https:\/\/marine.fleygnac.fr\/#primaryimage"},"image":{"@id":"https:\/\/marine.fleygnac.fr\/#primaryimage"},"thumbnailUrl":"https:\/\/marine.fleygnac.fr\/wp-content\/uploads\/2023\/10\/DSC_1872-scaled.jpg","datePublished":"2020-10-28T12:32:34+00:00","dateModified":"2025-10-02T09:37:08+00:00","description":"Photographe \u00e0 Tours, 37. Mariages et famille, lifestyle, \u00e9v\u00e8nements, entreprises.","breadcrumb":{"@id":"https:\/\/marine.fleygnac.fr\/#breadcrumb"},"inLanguage":"fr-FR","potentialAction":[{"@type":"ReadAction","target":["https:\/\/marine.fleygnac.fr\/"]}]},{"@type":"ImageObject","inLanguage":"fr-FR","@id":"https:\/\/marine.fleygnac.fr\/#primaryimage","url":"https:\/\/marine.fleygnac.fr\/wp-content\/uploads\/2023\/10\/DSC_1872-scaled.jpg","contentUrl":"https:\/\/marine.fleygnac.fr\/wp-content\/uploads\/2023\/10\/DSC_1872-scaled.jpg","width":2560,"height":1709},{"@type":"BreadcrumbList","@id":"https:\/\/marine.fleygnac.fr\/#breadcrumb","itemListElement":[{"@type":"ListItem","position":1,"name":"Accueil","item":"https:\/\/marine.fleygnac.fr\/"},{"@type":"ListItem","position":2,"name":"Marine Fleygnac, Photographe de mariages \u00e0 Tours"}]},{"@type":"WebSite","@id":"https:\/\/marine.fleygnac.fr\/#website","url":"https:\/\/marine.fleygnac.fr\/","name":"Marine Fleygnac","description":"","publisher":{"@id":"https:\/\/marine.fleygnac.fr\/#\/schema\/person\/34f501548c28933ea5864348c49ce548"},"potentialAction":[{"@type":"SearchAction","target":{"@type":"EntryPoint","urlTemplate":"https:\/\/marine.fleygnac.fr\/?s={search_term_string}"},"query-input":{"@type":"PropertyValueSpecification","valueRequired":true,"valueName":"search_term_string"}}],"inLanguage":"fr-FR"},{"@type":["Person","Organization"],"@id":"https:\/\/marine.fleygnac.fr\/#\/schema\/person\/34f501548c28933ea5864348c49ce548","name":"Marine Fleygnac","logo":{"@id":"https:\/\/marine.fleygnac.fr\/#\/schema\/person\/image\/"},"sameAs":["http:\/\/marine.fleygnac.fr\/"]}]}},"_links":{"self":[{"href":"https:\/\/marine.fleygnac.fr\/index.php\/wp-json\/wp\/v2\/pages\/6674","targetHints":{"allow":["GET"]}}],"collection":[{"href":"https:\/\/marine.fleygnac.fr\/index.php\/wp-json\/wp\/v2\/pages"}],"about":[{"href":"https:\/\/marine.fleygnac.fr\/index.php\/wp-json\/wp\/v2\/types\/page"}],"author":[{"embeddable":true,"href":"https:\/\/marine.fleygnac.fr\/index.php\/wp-json\/wp\/v2\/users\/3"}],"replies":[{"embeddable":true,"href":"https:\/\/marine.fleygnac.fr\/index.php\/wp-json\/wp\/v2\/comments?post=6674"}],"version-history":[{"count":35,"href":"https:\/\/marine.fleygnac.fr\/index.php\/wp-json\/wp\/v2\/pages\/6674\/revisions"}],"predecessor-version":[{"id":8633,"href":"https:\/\/marine.fleygnac.fr\/index.php\/wp-json\/wp\/v2\/pages\/6674\/revisions\/8633"}],"wp:featuredmedia":[{"embeddable":true,"href":"https:\/\/marine.fleygnac.fr\/index.php\/wp-json\/wp\/v2\/media\/8311"}],"wp:attachment":[{"href":"https:\/\/marine.fleygnac.fr\/index.php\/wp-json\/wp\/v2\/media?parent=6674"}],"curies":[{"name":"wp","href":"https:\/\/api.w.org\/{rel}","templated":true}]}}